{"id":6160,"date":"2024-11-04T16:53:29","date_gmt":"2024-11-04T14:53:29","guid":{"rendered":"https:\/\/digital-cinema-mastering.com\/?page_id=6160"},"modified":"2025-03-17T20:18:30","modified_gmt":"2025-03-17T19:18:30","slug":"content-creation-animation-2d-3d-motion-graphics-video-production-projection-mapping","status":"publish","type":"page","link":"https:\/\/digital-cinema-mastering.com\/de\/unsere-leistungen\/content-creation-animation-2d-3d-motion-graphics-video-production-projection-mapping\/","title":{"rendered":"Content Creation"},"content":{"rendered":"\n<style type=\"text\/css\" data-created_by=\"avia_inline_auto\" id=\"style-css-av-m5o2rqcy-e46101059796bb4a8d391c68c9f94dc5\">\n.avia-image-container.av-m5o2rqcy-e46101059796bb4a8d391c68c9f94dc5 img.avia_image{\nbox-shadow:none;\n}\n.avia-image-container.av-m5o2rqcy-e46101059796bb4a8d391c68c9f94dc5 .av-image-caption-overlay-center{\ncolor:#ffffff;\n}\n<\/style>\n<div  class='avia-image-container av-m5o2rqcy-e46101059796bb4a8d391c68c9f94dc5 av-styling- avia-align-center  avia-builder-el-0  el_before_av_hr  avia-builder-el-first '   itemprop=\"image\" itemscope=\"itemscope\" itemtype=\"https:\/\/schema.org\/ImageObject\" ><div class=\"avia-image-container-inner\"><div class=\"avia-image-overlay-wrap\"><img decoding=\"async\" fetchpriority=\"high\" class='wp-image-6165 avia-img-lazy-loading-not-6165 avia_image ' src=\"https:\/\/digital-cinema-mastering.com\/wp-content\/uploads\/2024\/11\/ContentCreation-Bewegtbild-3D-Animation_Schlosslichtspiele-Karlsruhe_Video-Projection-Mapping_2019-scaled-1-1500x630.jpg\" alt='' title='ContentCreation-Bewegtbild-3D-Animation_Schlosslichtspiele-Karlsruhe_Video-Projection-Mapping_2019'  height=\"630\" width=\"1500\"  itemprop=\"thumbnailUrl\"  \/><\/div><\/div><\/div>\n\n<style type=\"text\/css\" data-created_by=\"avia_inline_auto\" id=\"style-css-av-m5o30cza-5733a01ccf61d528c866f7e34c73c637\">\n#top .hr.hr-invisible.av-m5o30cza-5733a01ccf61d528c866f7e34c73c637{\nheight:50px;\n}\n<\/style>\n<div  class='hr av-m5o30cza-5733a01ccf61d528c866f7e34c73c637 hr-invisible  avia-builder-el-1  el_after_av_image  el_before_av_textblock '><span class='hr-inner '><span class=\"hr-inner-style\"><\/span><\/span><\/div>\n<section  class='av_textblock_section av-m5o2zo4k-372696f817a3987b4eb5693de1ac5e24 '   itemscope=\"itemscope\" itemtype=\"https:\/\/schema.org\/CreativeWork\" ><div class='avia_textblock'  itemprop=\"text\" ><div class=\"avia_textblock\">\n<h3><strong>Wir bieten Content Creation auch abseits der Kinoleinwand<\/strong><\/h3>\n<p>Wir bieten Ihnen Content Creation: vom Konzept \/ Storyboard bis zum fertigen Produkt, in-House oder mit bew\u00e4hrten Partnern. Von Videobearbeitung und Videoschnitt bis zu Animationen in 2D und 3D. Egal ob Youtube Erkl\u00e4rvideo oder Projection Mapping f\u00fcr eine Projektion mit 24 Projektoren.<br \/>\n<br class=\"avia-permanent-lb\" \/><\/p>\n<p style=\"padding-left: 40px;\">\n<style type=\"text\/css\" data-created_by=\"avia_inline_auto\" id=\"style-css-av-c13hc0-3487538d6e328c15b9504d873fbfe389\">\n.av_font_icon.av-c13hc0-3487538d6e328c15b9504d873fbfe389 .av-icon-char{\nfont-size:15px;\nline-height:15px;\n}\n<\/style>\n<span  class='av_font_icon av-c13hc0-3487538d6e328c15b9504d873fbfe389 avia_animate_when_visible av-icon-style- avia-icon-pos-left avia-iconfont avia-font-entypo-fontello av-no-color avia-icon-animate'><span class='av-icon-char' data-av_icon='\ue812' data-av_iconfont='entypo-fontello' aria-hidden=\"true\" ><\/span><\/span>Animationen \/ Bewegtbild in 2D \/ 3D<\/p>\n<p style=\"padding-left: 40px;\">\n<style type=\"text\/css\" data-created_by=\"avia_inline_auto\" id=\"style-css-av-10xv4g-7b0f8715bbefc7d164f329651084e343\">\n.av_font_icon.av-10xv4g-7b0f8715bbefc7d164f329651084e343 .av-icon-char{\nfont-size:15px;\nline-height:15px;\n}\n<\/style>\n<span  class='av_font_icon av-10xv4g-7b0f8715bbefc7d164f329651084e343 avia_animate_when_visible av-icon-style- avia-icon-pos-left avia-iconfont avia-font-entypo-fontello av-no-color avia-icon-animate'><span class='av-icon-char' data-av_icon='\ue812' data-av_iconfont='entypo-fontello' aria-hidden=\"true\" ><\/span><\/span> vom Konzept \/ Storyboard bis zum fertigen Produkt<\/p>\n<p style=\"padding-left: 40px;\">\n<style type=\"text\/css\" data-created_by=\"avia_inline_auto\" id=\"style-css-av-zl7kw-b6d02133ba3e3e7c68ae68b4655cc0f0\">\n.av_font_icon.av-zl7kw-b6d02133ba3e3e7c68ae68b4655cc0f0 .av-icon-char{\nfont-size:15px;\nline-height:15px;\n}\n<\/style>\n<span  class='av_font_icon av-zl7kw-b6d02133ba3e3e7c68ae68b4655cc0f0 avia_animate_when_visible av-icon-style- avia-icon-pos-left avia-iconfont avia-font-entypo-fontello av-no-color avia-icon-animate'><span class='av-icon-char' data-av_icon='\ue812' data-av_iconfont='entypo-fontello' aria-hidden=\"true\" ><\/span><\/span>in House oder in Zusammenarbeit mit bew\u00e4hrten Partnern<\/p>\n<p style=\"padding-left: 40px;\">\n<style type=\"text\/css\" data-created_by=\"avia_inline_auto\" id=\"style-css-av-7rdsdc-8a098f057fb20d615e38a85ac1518763\">\n.av_font_icon.av-7rdsdc-8a098f057fb20d615e38a85ac1518763 .av-icon-char{\nfont-size:15px;\nline-height:15px;\n}\n<\/style>\n<span  class='av_font_icon av-7rdsdc-8a098f057fb20d615e38a85ac1518763 avia_animate_when_visible av-icon-style- avia-icon-pos-left avia-iconfont avia-font-entypo-fontello av-no-color avia-icon-animate'><span class='av-icon-char' data-av_icon='\ue812' data-av_iconfont='entypo-fontello' aria-hidden=\"true\" ><\/span><\/span>erstellt in Adobe After Effects, Davinci Resolve Studio, Blender, Unreal Engine<\/p>\n<p style=\"padding-left: 40px;\">\n<style type=\"text\/css\" data-created_by=\"avia_inline_auto\" id=\"style-css-av-57itg0-cea3fce94be10d63f485d770016bccae\">\n.av_font_icon.av-57itg0-cea3fce94be10d63f485d770016bccae .av-icon-char{\nfont-size:15px;\nline-height:15px;\n}\n<\/style>\n<span  class='av_font_icon av-57itg0-cea3fce94be10d63f485d770016bccae avia_animate_when_visible av-icon-style- avia-icon-pos-left avia-iconfont avia-font-entypo-fontello av-no-color avia-icon-animate'><span class='av-icon-char' data-av_icon='\ue812' data-av_iconfont='entypo-fontello' aria-hidden=\"true\" ><\/span><\/span>von Bandenwerbung \u00fcber Imagefilm und Projection Mapping bis Youtube Content<\/p>\n<p style=\"padding-left: 40px;\">\n<style type=\"text\/css\" data-created_by=\"avia_inline_auto\" id=\"style-css-av-3kgty8-ee3d5ac989bfe709312dff38792d8e23\">\n.av_font_icon.av-3kgty8-ee3d5ac989bfe709312dff38792d8e23 .av-icon-char{\nfont-size:15px;\nline-height:15px;\n}\n<\/style>\n<span  class='av_font_icon av-3kgty8-ee3d5ac989bfe709312dff38792d8e23 avia_animate_when_visible av-icon-style- avia-icon-pos-left avia-iconfont avia-font-entypo-fontello av-no-color avia-icon-animate'><span class='av-icon-char' data-av_icon='\ue812' data-av_iconfont='entypo-fontello' aria-hidden=\"true\" ><\/span><\/span>in beliebigem Auslieferungsformat<\/p>\n<p style=\"padding-left: 40px;\">\n<style type=\"text\/css\" data-created_by=\"avia_inline_auto\" id=\"style-css-av-2pn08w-a86d011a115a5f24de3b4249ca5464c3\">\n.av_font_icon.av-2pn08w-a86d011a115a5f24de3b4249ca5464c3 .av-icon-char{\nfont-size:15px;\nline-height:15px;\n}\n<\/style>\n<span  class='av_font_icon av-2pn08w-a86d011a115a5f24de3b4249ca5464c3 avia_animate_when_visible av-icon-style- avia-icon-pos-left avia-iconfont avia-font-entypo-fontello av-no-color avia-icon-animate'><span class='av-icon-char' data-av_icon='\ue812' data-av_iconfont='entypo-fontello' aria-hidden=\"true\" ><\/span><\/span>mit langfristiger Speicherung der Projektdaten um Projekte jederzeit neu zu bearbeiten<br \/>\n<br class=\"avia-permanent-lb\" \/><\/p>\n<p>Da im kreativen Bereich der Aufwand von Projekt zu Projekt stark unterschiedlich ist finden Sie hierzu keine Informationen in unserer Preisliste. Lassen Sie sich jetzt ein unverbindliches <a href=\"https:\/\/digital-cinema-mastering.com\/de\/preise\/individuelles-angebot\/\">Angebot<\/a> erstellen!<\/p>\n<p>Oder nehmen Sie direkt <a href=\"https:\/\/digital-cinema-mastering.com\/de\/ueber-uns\/kontakt\/\">Kontakt<\/a> mit uns auf.<\/p>\n<\/div>\n<\/div><\/section>\n","protected":false},"excerpt":{"rendered":"","protected":false},"author":2,"featured_media":0,"parent":1352,"menu_order":0,"comment_status":"closed","ping_status":"closed","template":"","meta":{"footnotes":""},"class_list":["post-6160","page","type-page","status-publish","hentry"],"yoast_head":"<!-- This site is optimized with the Yoast SEO plugin v27.3 - https:\/\/yoast.com\/product\/yoast-seo-wordpress\/ -->\n<title>Content Creation - Digital Cinema Mastering<\/title>\n<meta name=\"description\" content=\"Wir bieten Content Creation: von Videobearbeitung und -produktion bis hin zu Animationen, Projection Mapping und Motion Graphics in 2D und 3D.\" \/>\n<meta name=\"robots\" content=\"index, follow, max-snippet:-1, max-image-preview:large, max-video-preview:-1\" \/>\n<link rel=\"canonical\" href=\"https:\/\/digital-cinema-mastering.com\/de\/unsere-leistungen\/content-creation-animation-2d-3d-motion-graphics-video-production-projection-mapping\/\" \/>\n<meta property=\"og:locale\" content=\"de_DE\" \/>\n<meta property=\"og:type\" content=\"article\" \/>\n<meta property=\"og:title\" content=\"Content Creation - Digital Cinema Mastering\" \/>\n<meta property=\"og:description\" content=\"Wir bieten Content Creation: von Videobearbeitung und -produktion bis hin zu Animationen, Projection Mapping und Motion Graphics in 2D und 3D.\" \/>\n<meta property=\"og:url\" content=\"https:\/\/digital-cinema-mastering.com\/de\/unsere-leistungen\/content-creation-animation-2d-3d-motion-graphics-video-production-projection-mapping\/\" \/>\n<meta property=\"og:site_name\" content=\"Digital Cinema Mastering\" \/>\n<meta property=\"article:publisher\" content=\"https:\/\/www.facebook.com\/DigitalCinemaMastering\" \/>\n<meta property=\"article:modified_time\" content=\"2025-03-17T19:18:30+00:00\" \/>\n<meta name=\"twitter:card\" content=\"summary_large_image\" \/>\n<meta name=\"twitter:site\" content=\"@DigCinMastering\" \/>\n<meta name=\"twitter:label1\" content=\"Gesch\u00e4tzte Lesezeit\" \/>\n\t<meta name=\"twitter:data1\" content=\"2\u00a0Minuten\" \/>\n<script type=\"application\/ld+json\" class=\"yoast-schema-graph\">{\"@context\":\"https:\\\/\\\/schema.org\",\"@graph\":[{\"@type\":\"WebPage\",\"@id\":\"https:\\\/\\\/digital-cinema-mastering.com\\\/de\\\/unsere-leistungen\\\/content-creation-animation-2d-3d-motion-graphics-video-production-projection-mapping\\\/\",\"url\":\"https:\\\/\\\/digital-cinema-mastering.com\\\/de\\\/unsere-leistungen\\\/content-creation-animation-2d-3d-motion-graphics-video-production-projection-mapping\\\/\",\"name\":\"Content Creation - Digital Cinema Mastering\",\"isPartOf\":{\"@id\":\"https:\\\/\\\/digital-cinema-mastering.com\\\/de\\\/#website\"},\"datePublished\":\"2024-11-04T14:53:29+00:00\",\"dateModified\":\"2025-03-17T19:18:30+00:00\",\"description\":\"Wir bieten Content Creation: von Videobearbeitung und -produktion bis hin zu Animationen, Projection Mapping und Motion Graphics in 2D und 3D.\",\"breadcrumb\":{\"@id\":\"https:\\\/\\\/digital-cinema-mastering.com\\\/de\\\/unsere-leistungen\\\/content-creation-animation-2d-3d-motion-graphics-video-production-projection-mapping\\\/#breadcrumb\"},\"inLanguage\":\"de\",\"potentialAction\":[{\"@type\":\"ReadAction\",\"target\":[\"https:\\\/\\\/digital-cinema-mastering.com\\\/de\\\/unsere-leistungen\\\/content-creation-animation-2d-3d-motion-graphics-video-production-projection-mapping\\\/\"]}]},{\"@type\":\"BreadcrumbList\",\"@id\":\"https:\\\/\\\/digital-cinema-mastering.com\\\/de\\\/unsere-leistungen\\\/content-creation-animation-2d-3d-motion-graphics-video-production-projection-mapping\\\/#breadcrumb\",\"itemListElement\":[{\"@type\":\"ListItem\",\"position\":1,\"name\":\"Startseite\",\"item\":\"https:\\\/\\\/digital-cinema-mastering.com\\\/de\\\/home-v6-classic-4-column-2\\\/\"},{\"@type\":\"ListItem\",\"position\":2,\"name\":\"Unsere Leistungen im \u00dcberblick\",\"item\":\"https:\\\/\\\/digital-cinema-mastering.com\\\/de\\\/unsere-leistungen\\\/\"},{\"@type\":\"ListItem\",\"position\":3,\"name\":\"Content Creation\"}]},{\"@type\":\"WebSite\",\"@id\":\"https:\\\/\\\/digital-cinema-mastering.com\\\/de\\\/#website\",\"url\":\"https:\\\/\\\/digital-cinema-mastering.com\\\/de\\\/\",\"name\":\"Digital Cinema Mastering\",\"description\":\"Wir erstellen Ihr Digital Cinema Package!\",\"publisher\":{\"@id\":\"https:\\\/\\\/digital-cinema-mastering.com\\\/de\\\/#organization\"},\"potentialAction\":[{\"@type\":\"SearchAction\",\"target\":{\"@type\":\"EntryPoint\",\"urlTemplate\":\"https:\\\/\\\/digital-cinema-mastering.com\\\/de\\\/?s={search_term_string}\"},\"query-input\":{\"@type\":\"PropertyValueSpecification\",\"valueRequired\":true,\"valueName\":\"search_term_string\"}}],\"inLanguage\":\"de\"},{\"@type\":\"Organization\",\"@id\":\"https:\\\/\\\/digital-cinema-mastering.com\\\/de\\\/#organization\",\"name\":\"Digital Cinema Mastering\",\"url\":\"https:\\\/\\\/digital-cinema-mastering.com\\\/de\\\/\",\"logo\":{\"@type\":\"ImageObject\",\"inLanguage\":\"de\",\"@id\":\"https:\\\/\\\/digital-cinema-mastering.com\\\/de\\\/#\\\/schema\\\/logo\\\/image\\\/\",\"url\":\"https:\\\/\\\/digital-cinema-mastering.com\\\/wp-content\\\/uploads\\\/2024\\\/12\\\/DigitalCinemaMastering_Logo_W_transparent-gross.png\",\"contentUrl\":\"https:\\\/\\\/digital-cinema-mastering.com\\\/wp-content\\\/uploads\\\/2024\\\/12\\\/DigitalCinemaMastering_Logo_W_transparent-gross.png\",\"width\":1464,\"height\":481,\"caption\":\"Digital Cinema Mastering\"},\"image\":{\"@id\":\"https:\\\/\\\/digital-cinema-mastering.com\\\/de\\\/#\\\/schema\\\/logo\\\/image\\\/\"},\"sameAs\":[\"https:\\\/\\\/www.facebook.com\\\/DigitalCinemaMastering\",\"https:\\\/\\\/x.com\\\/DigCinMastering\",\"https:\\\/\\\/www.instagram.com\\\/digitalcinemamastering\\\/\",\"https:\\\/\\\/www.linkedin.com\\\/in\\\/julius-waltenberger-98ab352\\\/\"]}]}<\/script>\n<!-- \/ Yoast SEO plugin. -->","yoast_head_json":{"title":"Content Creation - Digital Cinema Mastering","description":"Wir bieten Content Creation: von Videobearbeitung und -produktion bis hin zu Animationen, Projection Mapping und Motion Graphics in 2D und 3D.","robots":{"index":"index","follow":"follow","max-snippet":"max-snippet:-1","max-image-preview":"max-image-preview:large","max-video-preview":"max-video-preview:-1"},"canonical":"https:\/\/digital-cinema-mastering.com\/de\/unsere-leistungen\/content-creation-animation-2d-3d-motion-graphics-video-production-projection-mapping\/","og_locale":"de_DE","og_type":"article","og_title":"Content Creation - Digital Cinema Mastering","og_description":"Wir bieten Content Creation: von Videobearbeitung und -produktion bis hin zu Animationen, Projection Mapping und Motion Graphics in 2D und 3D.","og_url":"https:\/\/digital-cinema-mastering.com\/de\/unsere-leistungen\/content-creation-animation-2d-3d-motion-graphics-video-production-projection-mapping\/","og_site_name":"Digital Cinema Mastering","article_publisher":"https:\/\/www.facebook.com\/DigitalCinemaMastering","article_modified_time":"2025-03-17T19:18:30+00:00","twitter_card":"summary_large_image","twitter_site":"@DigCinMastering","twitter_misc":{"Gesch\u00e4tzte Lesezeit":"2\u00a0Minuten"},"schema":{"@context":"https:\/\/schema.org","@graph":[{"@type":"WebPage","@id":"https:\/\/digital-cinema-mastering.com\/de\/unsere-leistungen\/content-creation-animation-2d-3d-motion-graphics-video-production-projection-mapping\/","url":"https:\/\/digital-cinema-mastering.com\/de\/unsere-leistungen\/content-creation-animation-2d-3d-motion-graphics-video-production-projection-mapping\/","name":"Content Creation - Digital Cinema Mastering","isPartOf":{"@id":"https:\/\/digital-cinema-mastering.com\/de\/#website"},"datePublished":"2024-11-04T14:53:29+00:00","dateModified":"2025-03-17T19:18:30+00:00","description":"Wir bieten Content Creation: von Videobearbeitung und -produktion bis hin zu Animationen, Projection Mapping und Motion Graphics in 2D und 3D.","breadcrumb":{"@id":"https:\/\/digital-cinema-mastering.com\/de\/unsere-leistungen\/content-creation-animation-2d-3d-motion-graphics-video-production-projection-mapping\/#breadcrumb"},"inLanguage":"de","potentialAction":[{"@type":"ReadAction","target":["https:\/\/digital-cinema-mastering.com\/de\/unsere-leistungen\/content-creation-animation-2d-3d-motion-graphics-video-production-projection-mapping\/"]}]},{"@type":"BreadcrumbList","@id":"https:\/\/digital-cinema-mastering.com\/de\/unsere-leistungen\/content-creation-animation-2d-3d-motion-graphics-video-production-projection-mapping\/#breadcrumb","itemListElement":[{"@type":"ListItem","position":1,"name":"Startseite","item":"https:\/\/digital-cinema-mastering.com\/de\/home-v6-classic-4-column-2\/"},{"@type":"ListItem","position":2,"name":"Unsere Leistungen im \u00dcberblick","item":"https:\/\/digital-cinema-mastering.com\/de\/unsere-leistungen\/"},{"@type":"ListItem","position":3,"name":"Content Creation"}]},{"@type":"WebSite","@id":"https:\/\/digital-cinema-mastering.com\/de\/#website","url":"https:\/\/digital-cinema-mastering.com\/de\/","name":"Digital Cinema Mastering","description":"Wir erstellen Ihr Digital Cinema Package!","publisher":{"@id":"https:\/\/digital-cinema-mastering.com\/de\/#organization"},"potentialAction":[{"@type":"SearchAction","target":{"@type":"EntryPoint","urlTemplate":"https:\/\/digital-cinema-mastering.com\/de\/?s={search_term_string}"},"query-input":{"@type":"PropertyValueSpecification","valueRequired":true,"valueName":"search_term_string"}}],"inLanguage":"de"},{"@type":"Organization","@id":"https:\/\/digital-cinema-mastering.com\/de\/#organization","name":"Digital Cinema Mastering","url":"https:\/\/digital-cinema-mastering.com\/de\/","logo":{"@type":"ImageObject","inLanguage":"de","@id":"https:\/\/digital-cinema-mastering.com\/de\/#\/schema\/logo\/image\/","url":"https:\/\/digital-cinema-mastering.com\/wp-content\/uploads\/2024\/12\/DigitalCinemaMastering_Logo_W_transparent-gross.png","contentUrl":"https:\/\/digital-cinema-mastering.com\/wp-content\/uploads\/2024\/12\/DigitalCinemaMastering_Logo_W_transparent-gross.png","width":1464,"height":481,"caption":"Digital Cinema Mastering"},"image":{"@id":"https:\/\/digital-cinema-mastering.com\/de\/#\/schema\/logo\/image\/"},"sameAs":["https:\/\/www.facebook.com\/DigitalCinemaMastering","https:\/\/x.com\/DigCinMastering","https:\/\/www.instagram.com\/digitalcinemamastering\/","https:\/\/www.linkedin.com\/in\/julius-waltenberger-98ab352\/"]}]}},"_links":{"self":[{"href":"https:\/\/digital-cinema-mastering.com\/de\/wp-json\/wp\/v2\/pages\/6160","targetHints":{"allow":["GET"]}}],"collection":[{"href":"https:\/\/digital-cinema-mastering.com\/de\/wp-json\/wp\/v2\/pages"}],"about":[{"href":"https:\/\/digital-cinema-mastering.com\/de\/wp-json\/wp\/v2\/types\/page"}],"author":[{"embeddable":true,"href":"https:\/\/digital-cinema-mastering.com\/de\/wp-json\/wp\/v2\/users\/2"}],"replies":[{"embeddable":true,"href":"https:\/\/digital-cinema-mastering.com\/de\/wp-json\/wp\/v2\/comments?post=6160"}],"version-history":[{"count":10,"href":"https:\/\/digital-cinema-mastering.com\/de\/wp-json\/wp\/v2\/pages\/6160\/revisions"}],"predecessor-version":[{"id":8219,"href":"https:\/\/digital-cinema-mastering.com\/de\/wp-json\/wp\/v2\/pages\/6160\/revisions\/8219"}],"up":[{"embeddable":true,"href":"https:\/\/digital-cinema-mastering.com\/de\/wp-json\/wp\/v2\/pages\/1352"}],"wp:attachment":[{"href":"https:\/\/digital-cinema-mastering.com\/de\/wp-json\/wp\/v2\/media?parent=6160"}],"curies":[{"name":"wp","href":"https:\/\/api.w.org\/{rel}","templated":true}]}}